{"id":4312,"date":"2024-01-08T14:14:33","date_gmt":"2024-01-08T14:14:33","guid":{"rendered":"https:\/\/garbinautic.com\/?post_type=product&#038;p=4312"},"modified":"2024-01-08T14:35:56","modified_gmt":"2024-01-08T14:35:56","slug":"per","status":"publish","type":"product","link":"https:\/\/garbinautic.com\/en\/product\/per\/","title":{"rendered":"Patr\u00f3n de Embarcaciones de Recreo"},"content":{"rendered":"<p>Curso de patr\u00f3n de embarcaciones de recreo<\/p>","protected":false},"excerpt":{"rendered":"<p>Curso de patr\u00f3n de embarcaciones de recreo<\/p>","protected":false},"featured_media":4314,"comment_status":"open","ping_status":"closed","template":"","meta":[],"product_cat":[64],"product_tag":[],"class_list":{"0":"post-4312","1":"product","2":"type-product","3":"status-publish","4":"has-post-thumbnail","6":"product_cat-uncategorized","8":"first","9":"instock","10":"sale","11":"shipping-taxable","12":"purchasable","13":"product-type-simple"},"acf":[],"yoast_head":"<!-- This site is optimized with the Yoast SEO plugin v20.2.1 - https:\/\/yoast.com\/wordpress\/plugins\/seo\/ -->\n<title>Patr\u00f3n de Embarcaciones de Recreo - Garb\u00ed Nautic<\/title>\n<meta name=\"robots\" content=\"index, follow, max-snippet:-1, max-image-preview:large, max-video-preview:-1\" \/>\n<link rel=\"canonical\" href=\"https:\/\/garbinautic.com\/en\/product\/per\/\" \/>\n<meta property=\"og:locale\" content=\"en_GB\" \/>\n<meta property=\"og:type\" content=\"article\" \/>\n<meta property=\"og:title\" content=\"Patr\u00f3n de Embarcaciones de Recreo - Garb\u00ed Nautic\" \/>\n<meta property=\"og:description\" content=\"Curso de patr\u00f3n de embarcaciones de recreo\" \/>\n<meta property=\"og:url\" content=\"https:\/\/garbinautic.com\/en\/product\/per\/\" \/>\n<meta property=\"og:site_name\" content=\"Garb\u00ed Nautic\" \/>\n<meta property=\"article:modified_time\" content=\"2024-01-08T14:35:56+00:00\" \/>\n<meta property=\"og:image\" content=\"https:\/\/garbinautic.com\/wp-content\/uploads\/2024\/01\/material-1-2.jpg\" \/>\n\t<meta property=\"og:image:width\" content=\"828\" \/>\n\t<meta property=\"og:image:height\" content=\"632\" \/>\n\t<meta property=\"og:image:type\" content=\"image\/jpeg\" \/>\n<meta name=\"twitter:card\" content=\"summary_large_image\" \/>\n<script type=\"application\/ld+json\" class=\"yoast-schema-graph\">{\"@context\":\"https:\/\/schema.org\",\"@graph\":[{\"@type\":\"WebPage\",\"@id\":\"https:\/\/garbinautic.com\/product\/per\/\",\"url\":\"https:\/\/garbinautic.com\/product\/per\/\",\"name\":\"Patr\u00f3n de Embarcaciones de Recreo - Garb\u00ed Nautic\",\"isPartOf\":{\"@id\":\"https:\/\/garbinautic.com\/#website\"},\"datePublished\":\"2024-01-08T14:14:33+00:00\",\"dateModified\":\"2024-01-08T14:35:56+00:00\",\"breadcrumb\":{\"@id\":\"https:\/\/garbinautic.com\/product\/per\/#breadcrumb\"},\"inLanguage\":\"en-GB\",\"potentialAction\":[{\"@type\":\"ReadAction\",\"target\":[\"https:\/\/garbinautic.com\/product\/per\/\"]}]},{\"@type\":\"BreadcrumbList\",\"@id\":\"https:\/\/garbinautic.com\/product\/per\/#breadcrumb\",\"itemListElement\":[{\"@type\":\"ListItem\",\"position\":1,\"name\":\"Home\",\"item\":\"https:\/\/garbinautic.com\/\"},{\"@type\":\"ListItem\",\"position\":2,\"name\":\"Patr\u00f3n de Embarcaciones de Recreo\"}]},{\"@type\":\"WebSite\",\"@id\":\"https:\/\/garbinautic.com\/#website\",\"url\":\"https:\/\/garbinautic.com\/\",\"name\":\"Garb\u00ed Nautic\",\"description\":\"Alquiler embarcaciones, escuela, club y barcos de ocasi\u00f3n\",\"potentialAction\":[{\"@type\":\"SearchAction\",\"target\":{\"@type\":\"EntryPoint\",\"urlTemplate\":\"https:\/\/garbinautic.com\/?s={search_term_string}\"},\"query-input\":\"required name=search_term_string\"}],\"inLanguage\":\"en-GB\"}]}<\/script>\n<!-- \/ Yoast SEO plugin. -->","yoast_head_json":{"title":"Patr\u00f3n de Embarcaciones de Recreo - Garb\u00ed Nautic","robots":{"index":"index","follow":"follow","max-snippet":"max-snippet:-1","max-image-preview":"max-image-preview:large","max-video-preview":"max-video-preview:-1"},"canonical":"https:\/\/garbinautic.com\/en\/product\/per\/","og_locale":"en_GB","og_type":"article","og_title":"Patr\u00f3n de Embarcaciones de Recreo - Garb\u00ed Nautic","og_description":"Curso de patr\u00f3n de embarcaciones de recreo","og_url":"https:\/\/garbinautic.com\/en\/product\/per\/","og_site_name":"Garb\u00ed Nautic","article_modified_time":"2024-01-08T14:35:56+00:00","og_image":[{"width":828,"height":632,"url":"https:\/\/garbinautic.com\/wp-content\/uploads\/2024\/01\/material-1-2.jpg","type":"image\/jpeg"}],"twitter_card":"summary_large_image","schema":{"@context":"https:\/\/schema.org","@graph":[{"@type":"WebPage","@id":"https:\/\/garbinautic.com\/product\/per\/","url":"https:\/\/garbinautic.com\/product\/per\/","name":"Patr\u00f3n de Embarcaciones de Recreo - Garb\u00ed Nautic","isPartOf":{"@id":"https:\/\/garbinautic.com\/#website"},"datePublished":"2024-01-08T14:14:33+00:00","dateModified":"2024-01-08T14:35:56+00:00","breadcrumb":{"@id":"https:\/\/garbinautic.com\/product\/per\/#breadcrumb"},"inLanguage":"en-GB","potentialAction":[{"@type":"ReadAction","target":["https:\/\/garbinautic.com\/product\/per\/"]}]},{"@type":"BreadcrumbList","@id":"https:\/\/garbinautic.com\/product\/per\/#breadcrumb","itemListElement":[{"@type":"ListItem","position":1,"name":"Home","item":"https:\/\/garbinautic.com\/"},{"@type":"ListItem","position":2,"name":"Patr\u00f3n de Embarcaciones de Recreo"}]},{"@type":"WebSite","@id":"https:\/\/garbinautic.com\/#website","url":"https:\/\/garbinautic.com\/","name":"Garb\u00ed Nautic","description":"Alquiler embarcaciones, escuela, club y barcos de ocasi\u00f3n","potentialAction":[{"@type":"SearchAction","target":{"@type":"EntryPoint","urlTemplate":"https:\/\/garbinautic.com\/?s={search_term_string}"},"query-input":"required name=search_term_string"}],"inLanguage":"en-GB"}]}},"jetpack_sharing_enabled":true,"_links":{"self":[{"href":"https:\/\/garbinautic.com\/en\/wp-json\/wp\/v2\/product\/4312","targetHints":{"allow":["GET"]}}],"collection":[{"href":"https:\/\/garbinautic.com\/en\/wp-json\/wp\/v2\/product"}],"about":[{"href":"https:\/\/garbinautic.com\/en\/wp-json\/wp\/v2\/types\/product"}],"replies":[{"embeddable":true,"href":"https:\/\/garbinautic.com\/en\/wp-json\/wp\/v2\/comments?post=4312"}],"wp:featuredmedia":[{"embeddable":true,"href":"https:\/\/garbinautic.com\/en\/wp-json\/wp\/v2\/media\/4314"}],"wp:attachment":[{"href":"https:\/\/garbinautic.com\/en\/wp-json\/wp\/v2\/media?parent=4312"}],"wp:term":[{"taxonomy":"product_cat","embeddable":true,"href":"https:\/\/garbinautic.com\/en\/wp-json\/wp\/v2\/product_cat?post=4312"},{"taxonomy":"product_tag","embeddable":true,"href":"https:\/\/garbinautic.com\/en\/wp-json\/wp\/v2\/product_tag?post=4312"}],"curies":[{"name":"wp","href":"https:\/\/api.w.org\/{rel}","templated":true}]}}