{"id":4287,"date":"2024-01-08T12:08:53","date_gmt":"2024-01-08T12:08:53","guid":{"rendered":"https:\/\/garbinautic.com\/?post_type=product&#038;p=4287"},"modified":"2024-01-08T12:16:16","modified_gmt":"2024-01-08T12:16:16","slug":"patron-de-navegacion-basica","status":"publish","type":"product","link":"https:\/\/garbinautic.com\/en\/product\/patron-de-navegacion-basica\/","title":{"rendered":"Patr\u00f3n de Navegaci\u00f3n B\u00e1sica"},"content":{"rendered":"","protected":false},"excerpt":{"rendered":"<p>Curso de Patr\u00f3n de Navegaci\u00f3n B\u00e1sica<\/p>","protected":false},"featured_media":3607,"comment_status":"open","ping_status":"closed","template":"","meta":[],"product_cat":[64],"product_tag":[],"class_list":{"0":"post-4287","1":"product","2":"type-product","3":"status-publish","4":"has-post-thumbnail","6":"product_cat-uncategorized","8":"first","9":"instock","10":"sale","11":"shipping-taxable","12":"purchasable","13":"product-type-simple"},"acf":[],"yoast_head":"<!-- This site is optimized with the Yoast SEO plugin v20.2.1 - https:\/\/yoast.com\/wordpress\/plugins\/seo\/ -->\n<title>Patr\u00f3n de Navegaci\u00f3n B\u00e1sica - Garb\u00ed Nautic<\/title>\n<meta name=\"robots\" content=\"index, follow, max-snippet:-1, max-image-preview:large, max-video-preview:-1\" \/>\n<link rel=\"canonical\" href=\"https:\/\/garbinautic.com\/en\/product\/patron-de-navegacion-basica\/\" \/>\n<meta property=\"og:locale\" content=\"en_GB\" \/>\n<meta property=\"og:type\" content=\"article\" \/>\n<meta property=\"og:title\" content=\"Patr\u00f3n de Navegaci\u00f3n B\u00e1sica - Garb\u00ed Nautic\" \/>\n<meta property=\"og:description\" content=\"Curso de Patr\u00f3n de Navegaci\u00f3n B\u00e1sica\" \/>\n<meta property=\"og:url\" content=\"https:\/\/garbinautic.com\/en\/product\/patron-de-navegacion-basica\/\" \/>\n<meta property=\"og:site_name\" content=\"Garb\u00ed Nautic\" \/>\n<meta property=\"article:modified_time\" content=\"2024-01-08T12:16:16+00:00\" \/>\n<meta name=\"twitter:card\" content=\"summary_large_image\" \/>\n<script type=\"application\/ld+json\" class=\"yoast-schema-graph\">{\"@context\":\"https:\/\/schema.org\",\"@graph\":[{\"@type\":\"WebPage\",\"@id\":\"https:\/\/garbinautic.com\/product\/patron-de-navegacion-basica\/\",\"url\":\"https:\/\/garbinautic.com\/product\/patron-de-navegacion-basica\/\",\"name\":\"Patr\u00f3n de Navegaci\u00f3n B\u00e1sica - Garb\u00ed Nautic\",\"isPartOf\":{\"@id\":\"https:\/\/garbinautic.com\/#website\"},\"datePublished\":\"2024-01-08T12:08:53+00:00\",\"dateModified\":\"2024-01-08T12:16:16+00:00\",\"breadcrumb\":{\"@id\":\"https:\/\/garbinautic.com\/product\/patron-de-navegacion-basica\/#breadcrumb\"},\"inLanguage\":\"en-GB\",\"potentialAction\":[{\"@type\":\"ReadAction\",\"target\":[\"https:\/\/garbinautic.com\/product\/patron-de-navegacion-basica\/\"]}]},{\"@type\":\"BreadcrumbList\",\"@id\":\"https:\/\/garbinautic.com\/product\/patron-de-navegacion-basica\/#breadcrumb\",\"itemListElement\":[{\"@type\":\"ListItem\",\"position\":1,\"name\":\"Home\",\"item\":\"https:\/\/garbinautic.com\/\"},{\"@type\":\"ListItem\",\"position\":2,\"name\":\"Patr\u00f3n de Navegaci\u00f3n B\u00e1sica\"}]},{\"@type\":\"WebSite\",\"@id\":\"https:\/\/garbinautic.com\/#website\",\"url\":\"https:\/\/garbinautic.com\/\",\"name\":\"Garb\u00ed Nautic\",\"description\":\"Alquiler embarcaciones, escuela, club y barcos de ocasi\u00f3n\",\"potentialAction\":[{\"@type\":\"SearchAction\",\"target\":{\"@type\":\"EntryPoint\",\"urlTemplate\":\"https:\/\/garbinautic.com\/?s={search_term_string}\"},\"query-input\":\"required name=search_term_string\"}],\"inLanguage\":\"en-GB\"}]}<\/script>\n<!-- \/ Yoast SEO plugin. -->","yoast_head_json":{"title":"Patr\u00f3n de Navegaci\u00f3n B\u00e1sica - Garb\u00ed Nautic","robots":{"index":"index","follow":"follow","max-snippet":"max-snippet:-1","max-image-preview":"max-image-preview:large","max-video-preview":"max-video-preview:-1"},"canonical":"https:\/\/garbinautic.com\/en\/product\/patron-de-navegacion-basica\/","og_locale":"en_GB","og_type":"article","og_title":"Patr\u00f3n de Navegaci\u00f3n B\u00e1sica - Garb\u00ed Nautic","og_description":"Curso de Patr\u00f3n de Navegaci\u00f3n B\u00e1sica","og_url":"https:\/\/garbinautic.com\/en\/product\/patron-de-navegacion-basica\/","og_site_name":"Garb\u00ed Nautic","article_modified_time":"2024-01-08T12:16:16+00:00","twitter_card":"summary_large_image","schema":{"@context":"https:\/\/schema.org","@graph":[{"@type":"WebPage","@id":"https:\/\/garbinautic.com\/product\/patron-de-navegacion-basica\/","url":"https:\/\/garbinautic.com\/product\/patron-de-navegacion-basica\/","name":"Patr\u00f3n de Navegaci\u00f3n B\u00e1sica - Garb\u00ed Nautic","isPartOf":{"@id":"https:\/\/garbinautic.com\/#website"},"datePublished":"2024-01-08T12:08:53+00:00","dateModified":"2024-01-08T12:16:16+00:00","breadcrumb":{"@id":"https:\/\/garbinautic.com\/product\/patron-de-navegacion-basica\/#breadcrumb"},"inLanguage":"en-GB","potentialAction":[{"@type":"ReadAction","target":["https:\/\/garbinautic.com\/product\/patron-de-navegacion-basica\/"]}]},{"@type":"BreadcrumbList","@id":"https:\/\/garbinautic.com\/product\/patron-de-navegacion-basica\/#breadcrumb","itemListElement":[{"@type":"ListItem","position":1,"name":"Home","item":"https:\/\/garbinautic.com\/"},{"@type":"ListItem","position":2,"name":"Patr\u00f3n de Navegaci\u00f3n B\u00e1sica"}]},{"@type":"WebSite","@id":"https:\/\/garbinautic.com\/#website","url":"https:\/\/garbinautic.com\/","name":"Garb\u00ed Nautic","description":"Alquiler embarcaciones, escuela, club y barcos de ocasi\u00f3n","potentialAction":[{"@type":"SearchAction","target":{"@type":"EntryPoint","urlTemplate":"https:\/\/garbinautic.com\/?s={search_term_string}"},"query-input":"required name=search_term_string"}],"inLanguage":"en-GB"}]}},"jetpack_sharing_enabled":true,"_links":{"self":[{"href":"https:\/\/garbinautic.com\/en\/wp-json\/wp\/v2\/product\/4287","targetHints":{"allow":["GET"]}}],"collection":[{"href":"https:\/\/garbinautic.com\/en\/wp-json\/wp\/v2\/product"}],"about":[{"href":"https:\/\/garbinautic.com\/en\/wp-json\/wp\/v2\/types\/product"}],"replies":[{"embeddable":true,"href":"https:\/\/garbinautic.com\/en\/wp-json\/wp\/v2\/comments?post=4287"}],"wp:featuredmedia":[{"embeddable":true,"href":"https:\/\/garbinautic.com\/en\/wp-json\/wp\/v2\/media\/3607"}],"wp:attachment":[{"href":"https:\/\/garbinautic.com\/en\/wp-json\/wp\/v2\/media?parent=4287"}],"wp:term":[{"taxonomy":"product_cat","embeddable":true,"href":"https:\/\/garbinautic.com\/en\/wp-json\/wp\/v2\/product_cat?post=4287"},{"taxonomy":"product_tag","embeddable":true,"href":"https:\/\/garbinautic.com\/en\/wp-json\/wp\/v2\/product_tag?post=4287"}],"curies":[{"name":"wp","href":"https:\/\/api.w.org\/{rel}","templated":true}]}}